{"id":1822,"date":"2026-02-17T22:41:43","date_gmt":"2026-02-17T19:41:43","guid":{"rendered":"https:\/\/www.lesalimited.com.tr\/?page_id=1822"},"modified":"2026-03-03T03:36:43","modified_gmt":"2026-03-03T00:36:43","slug":"alupan-panel-serisi-2","status":"publish","type":"page","link":"https:\/\/www.lesalimited.com.tr\/?page_id=1822","title":{"rendered":"\u0130\u00e7 K\u00f6\u015fe Kal\u0131p"},"content":{"rendered":"\t\t<div data-elementor-type=\"wp-page\" data-elementor-id=\"1822\" class=\"elementor elementor-1822\">\n\t\t\t\t<div class=\"elementor-element elementor-element-dd7fe82 e-flex e-con-boxed e-con e-parent\" data-id=\"dd7fe82\" data-element_type=\"container\">\n\t\t\t\t\t<div class=\"e-con-inner\">\n\t\t<div class=\"elementor-element elementor-element-99aa88d e-con-full e-flex e-con e-child\" data-id=\"99aa88d\" data-element_type=\"container\">\n\t\t\t\t<div class=\"elementor-element elementor-element-390dbec elementor-widget elementor-widget-image\" data-id=\"390dbec\" data-element_type=\"widget\" data-widget_type=\"image.default\">\n\t\t\t\t\t\t\t\t\t\t\t\t\t\t\t<img fetchpriority=\"high\" decoding=\"async\" width=\"600\" height=\"600\" src=\"https:\/\/www.lesalimited.com.tr\/wp-content\/uploads\/2026\/02\/ALUPAN-Ic-KosE-KAliP-1.jpg\" class=\"attachment-large size-large wp-image-1823\" alt=\"\" srcset=\"https:\/\/www.lesalimited.com.tr\/wp-content\/uploads\/2026\/02\/ALUPAN-Ic-KosE-KAliP-1.jpg 600w, https:\/\/www.lesalimited.com.tr\/wp-content\/uploads\/2026\/02\/ALUPAN-Ic-KosE-KAliP-1-300x300.jpg 300w, https:\/\/www.lesalimited.com.tr\/wp-content\/uploads\/2026\/02\/ALUPAN-Ic-KosE-KAliP-1-150x150.jpg 150w, https:\/\/www.lesalimited.com.tr\/wp-content\/uploads\/2026\/02\/ALUPAN-Ic-KosE-KAliP-1-100x100.jpg 100w\" sizes=\"(max-width: 600px) 100vw, 600px\" \/>\t\t\t\t\t\t\t\t\t\t\t\t\t\t\t<\/div>\n\t\t\t\t<\/div>\n\t\t<div class=\"elementor-element elementor-element-70403ed e-con-full e-flex e-con e-child\" data-id=\"70403ed\" data-element_type=\"container\">\n\t\t\t\t<div class=\"elementor-element elementor-element-dd55bbe elementor-widget elementor-widget-text-editor\" data-id=\"dd55bbe\" data-element_type=\"widget\" data-widget_type=\"text-editor.default\">\n\t\t\t\t\t\t\t\t\t<h1 class=\"section-title-strong mb-2 fnp-title mt-2\"><strong>\u00a0 \u00a0 \u00a0 \u00a0 \u00a0 \u00a0 \u00a0 \u00a0 \u0130\u00e7 K\u00f6\u015fe Kal\u0131p<\/strong><\/h1>\t\t\t\t\t\t\t\t<\/div>\n\t\t\t\t<div class=\"elementor-element elementor-element-1b68835 elementor-widget elementor-widget-text-editor\" data-id=\"1b68835\" data-element_type=\"widget\" data-widget_type=\"text-editor.default\">\n\t\t\t\t\t\t\t\t\t<div class=\"product_description mb-2\"><section id=\"home\" class=\"page-section pb-0\"><div class=\"container fnp-container\"><div class=\"row align-items-start\"><div class=\"col-lg-6\"><div class=\"product_description mb-2\"><section id=\"home\" class=\"page-section pb-0\"><div class=\"container fnp-container\"><div class=\"row align-items-start\"><div class=\"col-lg-6\"><div class=\"product_description mb-2\"><section id=\"home\" class=\"page-section pb-0\"><div class=\"container fnp-container\"><div class=\"row align-items-start\"><div class=\"col-lg-6\"><div class=\"product_description mb-2\"><div class=\"product_description mb-2\"><p class=\"font-claude-response-body break-words whitespace-normal leading-[1.7]\">Interior Corner Formwork is a lightweight and high-durability aluminum corner panel that quickly, precisely, and seamlessly forms interior corner concrete applications in Alupan panel systems.<\/p><p class=\"font-claude-response-body break-words whitespace-normal leading-[1.7]\">Alupan Interior Corner Formwork is a professional formwork solution offering fast assembly and excellent surface quality in interior corner wall and shear wall concrete applications with its aluminum frame, high rigidity, lightweight structure, and various size options.<\/p><\/div><\/div><\/div><\/div><\/div><\/section><\/div><\/div><\/div><\/div><\/section><\/div><\/div><\/div><\/div><\/section><\/div>\t\t\t\t\t\t\t\t<\/div>\n\t\t\t\t<\/div>\n\t\t\t\t\t<\/div>\n\t\t\t\t<\/div>\n\t\t<div class=\"elementor-element elementor-element-9a39e5b e-flex e-con-boxed e-con e-parent\" data-id=\"9a39e5b\" data-element_type=\"container\">\n\t\t\t\t\t<div class=\"e-con-inner\">\n\t\t\t\t<div class=\"elementor-element elementor-element-c6ce6bf elementor-widget elementor-widget-text-editor\" data-id=\"c6ce6bf\" data-element_type=\"widget\" data-widget_type=\"text-editor.default\">\n\t\t\t\t\t\t\t\t\t<p>Alupan Interior Corner Formwork is a lightweight and durable aluminum panel element that ensures interior corner joints in wall and shear wall concrete are formed at the correct angle, with smooth surface quality, and in a leak-proof manner. Working in full compatibility with the Alupan panel system, it increases rigidity at interior corner points and safely withstands concrete pressure. Thanks to its modular size options, it easily adapts to different panel heights and project requirements. Its lightweight structure enables fast assembly, provides precise alignment at corner joints, and offers high durability. Its compatible design with tie-rod connections, locking elements, and prop systems increases formwork stability and creates a safe working environment. The interior corner formwork is long-lasting thanks to its high-quality aluminum frame and preserves its form through multiple cycles. With these features, it is an ideal solution for interior corner joints in all commercial, residential, and industrial projects using the Alupan formwork system.<\/p>\t\t\t\t\t\t\t\t<\/div>\n\t\t\t\t\t<\/div>\n\t\t\t\t<\/div>\n\t\t<div class=\"elementor-element elementor-element-c8c4ac6 e-flex e-con-boxed e-con e-parent\" data-id=\"c8c4ac6\" data-element_type=\"container\">\n\t\t\t\t\t<div class=\"e-con-inner\">\n\t\t\t\t<div class=\"elementor-element elementor-element-3d1932f elementor-widget elementor-widget-image\" data-id=\"3d1932f\" data-element_type=\"widget\" data-widget_type=\"image.default\">\n\t\t\t\t\t\t\t\t\t\t\t\t\t\t\t<img decoding=\"async\" width=\"800\" height=\"230\" src=\"https:\/\/www.lesalimited.com.tr\/wp-content\/uploads\/2026\/02\/Ekran-Alintisi-2-1024x295.png\" class=\"attachment-large size-large wp-image-1824\" alt=\"\" srcset=\"https:\/\/www.lesalimited.com.tr\/wp-content\/uploads\/2026\/02\/Ekran-Alintisi-2-1024x295.png 1024w, https:\/\/www.lesalimited.com.tr\/wp-content\/uploads\/2026\/02\/Ekran-Alintisi-2-300x86.png 300w, https:\/\/www.lesalimited.com.tr\/wp-content\/uploads\/2026\/02\/Ekran-Alintisi-2-768x221.png 768w, https:\/\/www.lesalimited.com.tr\/wp-content\/uploads\/2026\/02\/Ekran-Alintisi-2-600x173.png 600w, https:\/\/www.lesalimited.com.tr\/wp-content\/uploads\/2026\/02\/Ekran-Alintisi-2.png 1392w\" sizes=\"(max-width: 800px) 100vw, 800px\" \/>\t\t\t\t\t\t\t\t\t\t\t\t\t\t\t<\/div>\n\t\t\t\t\t<\/div>\n\t\t\t\t<\/div>\n\t\t\t\t<\/div>\n\t\t","protected":false},"excerpt":{"rendered":"<p>\u00a0 \u00a0 \u00a0 \u00a0 \u00a0 \u00a0 \u00a0 \u00a0 \u0130\u00e7 K\u00f6\u015fe Kal\u0131p Interior Corner Formwork is a lightweight and high-durability aluminum corner &#8230;<\/p>\n","protected":false},"author":1,"featured_media":0,"parent":0,"menu_order":0,"comment_status":"closed","ping_status":"closed","template":"","meta":{"footnotes":""},"class_list":["post-1822","page","type-page","status-publish","hentry"],"_links":{"self":[{"href":"https:\/\/www.lesalimited.com.tr\/index.php?rest_route=\/wp\/v2\/pages\/1822","targetHints":{"allow":["GET"]}}],"collection":[{"href":"https:\/\/www.lesalimited.com.tr\/index.php?rest_route=\/wp\/v2\/pages"}],"about":[{"href":"https:\/\/www.lesalimited.com.tr\/index.php?rest_route=\/wp\/v2\/types\/page"}],"author":[{"embeddable":true,"href":"https:\/\/www.lesalimited.com.tr\/index.php?rest_route=\/wp\/v2\/users\/1"}],"replies":[{"embeddable":true,"href":"https:\/\/www.lesalimited.com.tr\/index.php?rest_route=%2Fwp%2Fv2%2Fcomments&post=1822"}],"version-history":[{"count":9,"href":"https:\/\/www.lesalimited.com.tr\/index.php?rest_route=\/wp\/v2\/pages\/1822\/revisions"}],"predecessor-version":[{"id":2091,"href":"https:\/\/www.lesalimited.com.tr\/index.php?rest_route=\/wp\/v2\/pages\/1822\/revisions\/2091"}],"wp:attachment":[{"href":"https:\/\/www.lesalimited.com.tr\/index.php?rest_route=%2Fwp%2Fv2%2Fmedia&parent=1822"}],"curies":[{"name":"wp","href":"https:\/\/api.w.org\/{rel}","templated":true}]}}