{"id":1834,"date":"2026-02-17T22:42:38","date_gmt":"2026-02-17T19:42:38","guid":{"rendered":"https:\/\/www.lesalimited.com.tr\/?page_id=1834"},"modified":"2026-03-09T22:34:11","modified_gmt":"2026-03-09T19:34:11","slug":"dis-kose-kalip","status":"publish","type":"page","link":"https:\/\/www.lesalimited.com.tr\/?page_id=1834","title":{"rendered":"D\u0131\u015f K\u00f6\u015fe Kal\u0131p"},"content":{"rendered":"\t\t<div data-elementor-type=\"wp-page\" data-elementor-id=\"1834\" class=\"elementor elementor-1834\">\n\t\t\t\t<div class=\"elementor-element elementor-element-dd7fe82 e-flex e-con-boxed e-con e-parent\" data-id=\"dd7fe82\" data-element_type=\"container\">\n\t\t\t\t\t<div class=\"e-con-inner\">\n\t\t<div class=\"elementor-element elementor-element-99aa88d e-con-full e-flex e-con e-child\" data-id=\"99aa88d\" data-element_type=\"container\">\n\t\t\t\t<div class=\"elementor-element elementor-element-390dbec elementor-widget elementor-widget-image\" data-id=\"390dbec\" data-element_type=\"widget\" data-widget_type=\"image.default\">\n\t\t\t\t\t\t\t\t\t\t\t\t\t\t\t<img fetchpriority=\"high\" decoding=\"async\" width=\"600\" height=\"600\" src=\"https:\/\/www.lesalimited.com.tr\/wp-content\/uploads\/2026\/02\/ALUPAN-DIs-KosE-KALIP-1.jpg\" class=\"attachment-large size-large wp-image-1836\" alt=\"\" srcset=\"https:\/\/www.lesalimited.com.tr\/wp-content\/uploads\/2026\/02\/ALUPAN-DIs-KosE-KALIP-1.jpg 600w, https:\/\/www.lesalimited.com.tr\/wp-content\/uploads\/2026\/02\/ALUPAN-DIs-KosE-KALIP-1-300x300.jpg 300w, https:\/\/www.lesalimited.com.tr\/wp-content\/uploads\/2026\/02\/ALUPAN-DIs-KosE-KALIP-1-150x150.jpg 150w, https:\/\/www.lesalimited.com.tr\/wp-content\/uploads\/2026\/02\/ALUPAN-DIs-KosE-KALIP-1-100x100.jpg 100w\" sizes=\"(max-width: 600px) 100vw, 600px\" \/>\t\t\t\t\t\t\t\t\t\t\t\t\t\t\t<\/div>\n\t\t\t\t<\/div>\n\t\t<div class=\"elementor-element elementor-element-70403ed e-con-full e-flex e-con e-child\" data-id=\"70403ed\" data-element_type=\"container\">\n\t\t\t\t<div class=\"elementor-element elementor-element-dd55bbe elementor-widget elementor-widget-text-editor\" data-id=\"dd55bbe\" data-element_type=\"widget\" data-widget_type=\"text-editor.default\">\n\t\t\t\t\t\t\t\t\t<h1 class=\"section-title-strong mb-2 fnp-title mt-2\"><strong>\u00a0 \u00a0 \u00a0 \u00a0 \u00a0 \u00a0 \u00a0 Exterior Corner\u00a0 \u00a0 \u00a0 \u00a0 \u00a0 \u00a0 \u00a0 \u00a0 \u00a0 \u00a0 \u00a0 \u00a0 \u00a0 Formwork<\/strong><\/h1>\t\t\t\t\t\t\t\t<\/div>\n\t\t\t\t<div class=\"elementor-element elementor-element-1b68835 elementor-widget elementor-widget-text-editor\" data-id=\"1b68835\" data-element_type=\"widget\" data-widget_type=\"text-editor.default\">\n\t\t\t\t\t\t\t\t\t<div class=\"product_description mb-2\"><section id=\"home\" class=\"page-section pb-0\"><div class=\"container fnp-container\"><div class=\"row align-items-start\"><div class=\"col-lg-6\"><div class=\"product_description mb-2\"><section id=\"home\" class=\"page-section pb-0\"><div class=\"container fnp-container\"><div class=\"row align-items-start\"><div class=\"col-lg-6\"><div class=\"product_description mb-2\"><section id=\"home\" class=\"page-section pb-0\"><div class=\"container fnp-container\"><div class=\"row align-items-start\"><div class=\"col-lg-6\"><div class=\"product_description mb-2\"><div class=\"product_description mb-2\"><p class=\"font-claude-response-body break-words whitespace-normal leading-[1.7]\">Exterior Corner Formwork is a lightweight aluminum corner formwork element that forms exterior corner joints at the correct angle and with high durability in Alupan panel systems.<\/p><p class=\"font-claude-response-body break-words whitespace-normal leading-[1.7]\">Alupan Exterior Corner Formwork is a long-lasting formwork solution providing fast assembly, rigid connection, and flawless surface quality in exterior corner shear wall and wall concrete applications with its lightweight aluminum frame, high durability, and modular size options.<\/p><\/div><\/div><\/div><\/div><\/div><\/section><\/div><\/div><\/div><\/div><\/section><\/div><\/div><\/div><\/div><\/section><\/div>\t\t\t\t\t\t\t\t<\/div>\n\t\t\t\t<\/div>\n\t\t\t\t\t<\/div>\n\t\t\t\t<\/div>\n\t\t<div class=\"elementor-element elementor-element-9a39e5b e-flex e-con-boxed e-con e-parent\" data-id=\"9a39e5b\" data-element_type=\"container\">\n\t\t\t\t\t<div class=\"e-con-inner\">\n\t\t\t\t<div class=\"elementor-element elementor-element-c6ce6bf elementor-widget elementor-widget-text-editor\" data-id=\"c6ce6bf\" data-element_type=\"widget\" data-widget_type=\"text-editor.default\">\n\t\t\t\t\t\t\t\t\t<p>Alupan Exterior Corner Formwork is a durable aluminum panel element designed to maintain correct geometry and ensure safe concrete casting at shear wall, wall, and column exterior corner joints. It is 100% compatible with the panel system and helps safely transfer concrete pressure by providing rigidity at corner connection points. Thanks to its lightweight aluminum structure, it is easy to transport, quickly assembled, and saves time on the construction site. Its modular height allows easy adaptation to different panel dimensions and ensures seamless formation of project-specific exterior corner details. Its long-lasting and high-strength frame preserves its form through multiple casting cycles and works in full compatibility with locking, prop, and connection accessories to increase the stability of the exterior corner formwork. With these features, Alupan Exterior Corner Formwork is an ideal, professional, and safe solution for precise exterior corner joints in both residential and industrial projects.<\/p>\t\t\t\t\t\t\t\t<\/div>\n\t\t\t\t\t<\/div>\n\t\t\t\t<\/div>\n\t\t<div class=\"elementor-element elementor-element-c8c4ac6 e-flex e-con-boxed e-con e-parent\" data-id=\"c8c4ac6\" data-element_type=\"container\">\n\t\t\t\t\t<div class=\"e-con-inner\">\n\t\t\t\t<div class=\"elementor-element elementor-element-3d1932f elementor-widget elementor-widget-image\" data-id=\"3d1932f\" data-element_type=\"widget\" data-widget_type=\"image.default\">\n\t\t\t\t\t\t\t\t\t\t\t\t\t\t\t<img decoding=\"async\" width=\"800\" height=\"138\" src=\"https:\/\/www.lesalimited.com.tr\/wp-content\/uploads\/2026\/02\/Ekran-Alintisi1-1024x177.png\" class=\"attachment-large size-large wp-image-1837\" alt=\"\" srcset=\"https:\/\/www.lesalimited.com.tr\/wp-content\/uploads\/2026\/02\/Ekran-Alintisi1-1024x177.png 1024w, https:\/\/www.lesalimited.com.tr\/wp-content\/uploads\/2026\/02\/Ekran-Alintisi1-300x52.png 300w, https:\/\/www.lesalimited.com.tr\/wp-content\/uploads\/2026\/02\/Ekran-Alintisi1-768x133.png 768w, https:\/\/www.lesalimited.com.tr\/wp-content\/uploads\/2026\/02\/Ekran-Alintisi1-600x104.png 600w, https:\/\/www.lesalimited.com.tr\/wp-content\/uploads\/2026\/02\/Ekran-Alintisi1.png 1385w\" sizes=\"(max-width: 800px) 100vw, 800px\" \/>\t\t\t\t\t\t\t\t\t\t\t\t\t\t\t<\/div>\n\t\t\t\t\t<\/div>\n\t\t\t\t<\/div>\n\t\t\t\t<\/div>\n\t\t","protected":false},"excerpt":{"rendered":"<p>\u00a0 \u00a0 \u00a0 \u00a0 \u00a0 \u00a0 \u00a0 Exterior Corner\u00a0 \u00a0 \u00a0 \u00a0 \u00a0 \u00a0 \u00a0 \u00a0 \u00a0 \u00a0 \u00a0 \u00a0 \u00a0 &#8230;<\/p>\n","protected":false},"author":1,"featured_media":0,"parent":0,"menu_order":0,"comment_status":"closed","ping_status":"closed","template":"","meta":{"footnotes":""},"class_list":["post-1834","page","type-page","status-publish","hentry"],"_links":{"self":[{"href":"https:\/\/www.lesalimited.com.tr\/index.php?rest_route=\/wp\/v2\/pages\/1834","targetHints":{"allow":["GET"]}}],"collection":[{"href":"https:\/\/www.lesalimited.com.tr\/index.php?rest_route=\/wp\/v2\/pages"}],"about":[{"href":"https:\/\/www.lesalimited.com.tr\/index.php?rest_route=\/wp\/v2\/types\/page"}],"author":[{"embeddable":true,"href":"https:\/\/www.lesalimited.com.tr\/index.php?rest_route=\/wp\/v2\/users\/1"}],"replies":[{"embeddable":true,"href":"https:\/\/www.lesalimited.com.tr\/index.php?rest_route=%2Fwp%2Fv2%2Fcomments&post=1834"}],"version-history":[{"count":13,"href":"https:\/\/www.lesalimited.com.tr\/index.php?rest_route=\/wp\/v2\/pages\/1834\/revisions"}],"predecessor-version":[{"id":2234,"href":"https:\/\/www.lesalimited.com.tr\/index.php?rest_route=\/wp\/v2\/pages\/1834\/revisions\/2234"}],"wp:attachment":[{"href":"https:\/\/www.lesalimited.com.tr\/index.php?rest_route=%2Fwp%2Fv2%2Fmedia&parent=1834"}],"curies":[{"name":"wp","href":"https:\/\/api.w.org\/{rel}","templated":true}]}}