{"id":1844,"date":"2026-02-17T22:44:32","date_gmt":"2026-02-17T19:44:32","guid":{"rendered":"https:\/\/www.lesalimited.com.tr\/?page_id=1844"},"modified":"2026-03-04T03:24:49","modified_gmt":"2026-03-04T00:24:49","slug":"kose-birlestirme","status":"publish","type":"page","link":"https:\/\/www.lesalimited.com.tr\/?page_id=1844","title":{"rendered":"K\u00f6\u015fe Birle\u015ftirme"},"content":{"rendered":"\t\t<div data-elementor-type=\"wp-page\" data-elementor-id=\"1844\" class=\"elementor elementor-1844\">\n\t\t\t\t<div class=\"elementor-element elementor-element-dd7fe82 e-flex e-con-boxed e-con e-parent\" data-id=\"dd7fe82\" data-element_type=\"container\">\n\t\t\t\t\t<div class=\"e-con-inner\">\n\t\t<div class=\"elementor-element elementor-element-99aa88d e-con-full e-flex e-con e-child\" data-id=\"99aa88d\" data-element_type=\"container\">\n\t\t\t\t<div class=\"elementor-element elementor-element-390dbec elementor-widget elementor-widget-image\" data-id=\"390dbec\" data-element_type=\"widget\" data-widget_type=\"image.default\">\n\t\t\t\t\t\t\t\t\t\t\t\t\t\t\t<img fetchpriority=\"high\" decoding=\"async\" width=\"600\" height=\"600\" src=\"https:\/\/www.lesalimited.com.tr\/wp-content\/uploads\/2026\/02\/ALUPAN-KosE-BIRLEsTIRME-APARATI-1.jpg\" class=\"attachment-large size-large wp-image-1845\" alt=\"\" srcset=\"https:\/\/www.lesalimited.com.tr\/wp-content\/uploads\/2026\/02\/ALUPAN-KosE-BIRLEsTIRME-APARATI-1.jpg 600w, https:\/\/www.lesalimited.com.tr\/wp-content\/uploads\/2026\/02\/ALUPAN-KosE-BIRLEsTIRME-APARATI-1-300x300.jpg 300w, https:\/\/www.lesalimited.com.tr\/wp-content\/uploads\/2026\/02\/ALUPAN-KosE-BIRLEsTIRME-APARATI-1-150x150.jpg 150w, https:\/\/www.lesalimited.com.tr\/wp-content\/uploads\/2026\/02\/ALUPAN-KosE-BIRLEsTIRME-APARATI-1-100x100.jpg 100w\" sizes=\"(max-width: 600px) 100vw, 600px\" \/>\t\t\t\t\t\t\t\t\t\t\t\t\t\t\t<\/div>\n\t\t\t\t<\/div>\n\t\t<div class=\"elementor-element elementor-element-70403ed e-con-full e-flex e-con e-child\" data-id=\"70403ed\" data-element_type=\"container\">\n\t\t\t\t<div class=\"elementor-element elementor-element-dd55bbe elementor-widget elementor-widget-text-editor\" data-id=\"dd55bbe\" data-element_type=\"widget\" data-widget_type=\"text-editor.default\">\n\t\t\t\t\t\t\t\t\t<h1 class=\"section-title-strong mb-2 fnp-title mt-2\">\u00a0 \u00a0 \u00a0 \u00a0 \u00a0 <strong>Corner Connector<\/strong><\/h1>\t\t\t\t\t\t\t\t<\/div>\n\t\t\t\t<div class=\"elementor-element elementor-element-1b68835 elementor-widget elementor-widget-text-editor\" data-id=\"1b68835\" data-element_type=\"widget\" data-widget_type=\"text-editor.default\">\n\t\t\t\t\t\t\t\t\t<div class=\"product_description mb-2\"><section id=\"home\" class=\"page-section pb-0\"><div class=\"container fnp-container\"><div class=\"row align-items-start\"><div class=\"col-lg-6\"><div class=\"product_description mb-2\"><section id=\"home\" class=\"page-section pb-0\"><div class=\"container fnp-container\"><div class=\"row align-items-start\"><div class=\"col-lg-6\"><div class=\"product_description mb-2\"><section id=\"home\" class=\"page-section pb-0\"><div class=\"container fnp-container\"><div class=\"row align-items-start\"><div class=\"col-lg-6\"><div class=\"product_description mb-2\"><div class=\"product_description mb-2\"><div class=\"product_description mb-2\"><p class=\"font-claude-response-body break-words whitespace-normal leading-[1.7]\">Corner Connector is a durable connection element that ensures safe and rigid joining of interior and exterior corners in Alupan panel systems.<\/p><p class=\"font-claude-response-body break-words whitespace-normal leading-[1.7]\">Alupan Corner Connector is a high-durability and long-lasting corner connection element that quickly, firmly, and safely connects interior and exterior corner joints in aluminum panel systems.<\/p><\/div><\/div><\/div><\/div><\/div><\/div><\/section><\/div><\/div><\/div><\/div><\/section><\/div><\/div><\/div><\/div><\/section><\/div>\t\t\t\t\t\t\t\t<\/div>\n\t\t\t\t<\/div>\n\t\t\t\t\t<\/div>\n\t\t\t\t<\/div>\n\t\t<div class=\"elementor-element elementor-element-9a39e5b e-flex e-con-boxed e-con e-parent\" data-id=\"9a39e5b\" data-element_type=\"container\">\n\t\t\t\t\t<div class=\"e-con-inner\">\n\t\t\t\t<div class=\"elementor-element elementor-element-c6ce6bf elementor-widget elementor-widget-text-editor\" data-id=\"c6ce6bf\" data-element_type=\"widget\" data-widget_type=\"text-editor.default\">\n\t\t\t\t\t\t\t\t\t<div data-test-render-count=\"1\"><div class=\"group\"><div class=\"contents\"><div class=\"group relative relative pb-3\" data-is-streaming=\"false\"><div class=\"font-claude-response relative leading-[1.65rem] [&amp;_pre&gt;div]:bg-bg-000\/50 [&amp;_pre&gt;div]:border-0.5 [&amp;_pre&gt;div]:border-border-400 [&amp;_.ignore-pre-bg&gt;div]:bg-transparent [&amp;_.standard-markdown_:is(p,blockquote,h1,h2,h3,h4,h5,h6)]:pl-2 [&amp;_.standard-markdown_:is(p,blockquote,ul,ol,h1,h2,h3,h4,h5,h6)]:pr-8 [&amp;_.progressive-markdown_:is(p,blockquote,h1,h2,h3,h4,h5,h6)]:pl-2 [&amp;_.progressive-markdown_:is(p,blockquote,ul,ol,h1,h2,h3,h4,h5,h6)]:pr-8\"><div><div class=\"standard-markdown grid-cols-1 grid [&amp;_&gt;_*]:min-w-0 gap-3 standard-markdown\"><p class=\"font-claude-response-body break-words whitespace-normal leading-[1.7]\">Corner Connector is an important connection element within the Alupan panel system that ensures interior and exterior corner joints are fixed at the correct angle, rigidly and safely. It increases resistance against concrete pressure at panel corner points and prevents gaps, slippage, or alignment irregularities that may occur at corner joints. Thanks to its lightweight structure, it is easy to assemble; it works in full compatibility with Alupan locking mechanisms, tie-rod system, and other connection equipment to support the safe formation of corner details. Its steel material provides high durability and preserves its form during long-term use. Usable in both interior and exterior corner applications, this element increases the stability of the Alupan panel system and creates an ideal solution for fast, safe, and smooth-surface concrete castings.<\/p><\/div><\/div><\/div><\/div><\/div><div class=\"flex justify-start\" role=\"group\" aria-label=\"Message actions\"><div class=\"text-text-300\"><div class=\"text-text-300 flex items-stretch justify-between\"><div class=\"w-fit\" data-state=\"closed\"><div class=\"relative text-text-500 group-hover\/btn:text-text-100\"><div class=\"transition-all opacity-100 scale-100\">\u00a0<\/div><div class=\"absolute top-0 left-0 transition-all opacity-0 scale-50\">\u00a0<\/div><\/div><\/div><div class=\"w-fit\" data-state=\"closed\"><div class=\"text-text-500 group-hover\/btn:text-text-100\">\u00a0<\/div><\/div><div class=\"w-fit\" data-state=\"closed\"><div class=\"text-text-500 group-hover\/btn:text-text-100\">\u00a0<\/div><\/div><div class=\"flex items-center\"><div class=\"w-fit\" data-state=\"closed\"><div class=\"text-text-500 group-hover\/btn:text-text-100\">\u00a0<\/div><\/div><\/div><\/div><\/div><\/div><\/div><\/div><div class=\"h-px w-full pointer-events-none\" aria-hidden=\"true\">\u00a0<\/div>\t\t\t\t\t\t\t\t<\/div>\n\t\t\t\t\t<\/div>\n\t\t\t\t<\/div>\n\t\t<div class=\"elementor-element elementor-element-c8c4ac6 e-flex e-con-boxed e-con e-parent\" data-id=\"c8c4ac6\" data-element_type=\"container\">\n\t\t\t\t\t<div class=\"e-con-inner\">\n\t\t\t\t<div class=\"elementor-element elementor-element-3d1932f elementor-widget elementor-widget-image\" data-id=\"3d1932f\" data-element_type=\"widget\" data-widget_type=\"image.default\">\n\t\t\t\t\t\t\t\t\t\t\t\t\t\t\t<img decoding=\"async\" width=\"800\" height=\"70\" src=\"https:\/\/www.lesalimited.com.tr\/wp-content\/uploads\/2026\/02\/Ekran-Alintisi2-1-1024x89.png\" class=\"attachment-large size-large wp-image-1846\" alt=\"\" srcset=\"https:\/\/www.lesalimited.com.tr\/wp-content\/uploads\/2026\/02\/Ekran-Alintisi2-1-1024x89.png 1024w, https:\/\/www.lesalimited.com.tr\/wp-content\/uploads\/2026\/02\/Ekran-Alintisi2-1-300x26.png 300w, https:\/\/www.lesalimited.com.tr\/wp-content\/uploads\/2026\/02\/Ekran-Alintisi2-1-768x67.png 768w, https:\/\/www.lesalimited.com.tr\/wp-content\/uploads\/2026\/02\/Ekran-Alintisi2-1-600x52.png 600w, https:\/\/www.lesalimited.com.tr\/wp-content\/uploads\/2026\/02\/Ekran-Alintisi2-1.png 1402w\" sizes=\"(max-width: 800px) 100vw, 800px\" \/>\t\t\t\t\t\t\t\t\t\t\t\t\t\t\t<\/div>\n\t\t\t\t\t<\/div>\n\t\t\t\t<\/div>\n\t\t\t\t<\/div>\n\t\t","protected":false},"excerpt":{"rendered":"<p>\u00a0 \u00a0 \u00a0 \u00a0 \u00a0 Corner Connector Corner Connector is a durable connection element that ensures safe and rigid joining of &#8230;<\/p>\n","protected":false},"author":1,"featured_media":0,"parent":0,"menu_order":0,"comment_status":"closed","ping_status":"closed","template":"","meta":{"footnotes":""},"class_list":["post-1844","page","type-page","status-publish","hentry"],"_links":{"self":[{"href":"https:\/\/www.lesalimited.com.tr\/index.php?rest_route=\/wp\/v2\/pages\/1844","targetHints":{"allow":["GET"]}}],"collection":[{"href":"https:\/\/www.lesalimited.com.tr\/index.php?rest_route=\/wp\/v2\/pages"}],"about":[{"href":"https:\/\/www.lesalimited.com.tr\/index.php?rest_route=\/wp\/v2\/types\/page"}],"author":[{"embeddable":true,"href":"https:\/\/www.lesalimited.com.tr\/index.php?rest_route=\/wp\/v2\/users\/1"}],"replies":[{"embeddable":true,"href":"https:\/\/www.lesalimited.com.tr\/index.php?rest_route=%2Fwp%2Fv2%2Fcomments&post=1844"}],"version-history":[{"count":10,"href":"https:\/\/www.lesalimited.com.tr\/index.php?rest_route=\/wp\/v2\/pages\/1844\/revisions"}],"predecessor-version":[{"id":2100,"href":"https:\/\/www.lesalimited.com.tr\/index.php?rest_route=\/wp\/v2\/pages\/1844\/revisions\/2100"}],"wp:attachment":[{"href":"https:\/\/www.lesalimited.com.tr\/index.php?rest_route=%2Fwp%2Fv2%2Fmedia&parent=1844"}],"curies":[{"name":"wp","href":"https:\/\/api.w.org\/{rel}","templated":true}]}}