{"id":1938,"date":"2026-02-18T17:02:16","date_gmt":"2026-02-18T14:02:16","guid":{"rendered":"https:\/\/www.lesalimited.com.tr\/?page_id=1938"},"modified":"2026-03-05T23:51:17","modified_gmt":"2026-03-05T20:51:17","slug":"payanda","status":"publish","type":"page","link":"https:\/\/www.lesalimited.com.tr\/?page_id=1938","title":{"rendered":"Payanda"},"content":{"rendered":"\t\t<div data-elementor-type=\"wp-page\" data-elementor-id=\"1938\" class=\"elementor elementor-1938\">\n\t\t\t\t<div class=\"elementor-element elementor-element-dd7fe82 e-flex e-con-boxed e-con e-parent\" data-id=\"dd7fe82\" data-element_type=\"container\">\n\t\t\t\t\t<div class=\"e-con-inner\">\n\t\t<div class=\"elementor-element elementor-element-99aa88d e-con-full e-flex e-con e-child\" data-id=\"99aa88d\" data-element_type=\"container\">\n\t\t\t\t<div class=\"elementor-element elementor-element-6c5d567 elementor-arrows-position-inside elementor-pagination-position-outside elementor-widget elementor-widget-image-carousel\" data-id=\"6c5d567\" data-element_type=\"widget\" data-settings=\"{&quot;slides_to_show&quot;:&quot;1&quot;,&quot;navigation&quot;:&quot;both&quot;,&quot;autoplay&quot;:&quot;yes&quot;,&quot;pause_on_hover&quot;:&quot;yes&quot;,&quot;pause_on_interaction&quot;:&quot;yes&quot;,&quot;autoplay_speed&quot;:5000,&quot;infinite&quot;:&quot;yes&quot;,&quot;effect&quot;:&quot;slide&quot;,&quot;speed&quot;:500}\" data-widget_type=\"image-carousel.default\">\n\t\t\t\t\t\t\t<div class=\"elementor-image-carousel-wrapper swiper\" role=\"region\" aria-roledescription=\"carousel\" aria-label=\"Resim D\u00f6ng\u00fcs\u00fc\" dir=\"ltr\">\n\t\t\t<div class=\"elementor-image-carousel swiper-wrapper\" aria-live=\"off\">\n\t\t\t\t\t\t\t\t<div class=\"swiper-slide\" role=\"group\" aria-roledescription=\"slide\" aria-label=\"1 \/ 3\"><figure class=\"swiper-slide-inner\"><img decoding=\"async\" class=\"swiper-slide-image\" src=\"https:\/\/www.lesalimited.com.tr\/wp-content\/uploads\/2026\/02\/payanda-2.jpg\" alt=\"payanda-2\" \/><\/figure><\/div><div class=\"swiper-slide\" role=\"group\" aria-roledescription=\"slide\" aria-label=\"2 \/ 3\"><figure class=\"swiper-slide-inner\"><img decoding=\"async\" class=\"swiper-slide-image\" src=\"https:\/\/www.lesalimited.com.tr\/wp-content\/uploads\/2026\/02\/payanda-3.jpg\" alt=\"payanda-3\" \/><\/figure><\/div><div class=\"swiper-slide\" role=\"group\" aria-roledescription=\"slide\" aria-label=\"3 \/ 3\"><figure class=\"swiper-slide-inner\"><img decoding=\"async\" class=\"swiper-slide-image\" src=\"https:\/\/www.lesalimited.com.tr\/wp-content\/uploads\/2026\/02\/payanda-1.jpg\" alt=\"payanda (1)\" \/><\/figure><\/div>\t\t\t<\/div>\n\t\t\t\t\t\t\t\t\t\t\t\t<div class=\"elementor-swiper-button elementor-swiper-button-prev\" role=\"button\" tabindex=\"0\">\n\t\t\t\t\t\t<svg aria-hidden=\"true\" class=\"e-font-icon-svg e-eicon-chevron-left\" viewBox=\"0 0 1000 1000\" xmlns=\"http:\/\/www.w3.org\/2000\/svg\"><path d=\"M646 125C629 125 613 133 604 142L308 442C296 454 292 471 292 487 292 504 296 521 308 533L604 854C617 867 629 875 646 875 663 875 679 871 692 858 704 846 713 829 713 812 713 796 708 779 692 767L438 487 692 225C700 217 708 204 708 187 708 171 704 154 692 142 675 129 663 125 646 125Z\"><\/path><\/svg>\t\t\t\t\t<\/div>\n\t\t\t\t\t<div class=\"elementor-swiper-button elementor-swiper-button-next\" role=\"button\" tabindex=\"0\">\n\t\t\t\t\t\t<svg aria-hidden=\"true\" class=\"e-font-icon-svg e-eicon-chevron-right\" viewBox=\"0 0 1000 1000\" xmlns=\"http:\/\/www.w3.org\/2000\/svg\"><path d=\"M696 533C708 521 713 504 713 487 713 471 708 454 696 446L400 146C388 133 375 125 354 125 338 125 325 129 313 142 300 154 292 171 292 187 292 204 296 221 308 233L563 492 304 771C292 783 288 800 288 817 288 833 296 850 308 863 321 871 338 875 354 875 371 875 388 867 400 854L696 533Z\"><\/path><\/svg>\t\t\t\t\t<\/div>\n\t\t\t\t\n\t\t\t\t\t\t\t\t\t<div class=\"swiper-pagination\"><\/div>\n\t\t\t\t\t\t\t\t\t<\/div>\n\t\t\t\t\t\t<\/div>\n\t\t\t\t<\/div>\n\t\t<div class=\"elementor-element elementor-element-70403ed e-con-full e-flex e-con e-child\" data-id=\"70403ed\" data-element_type=\"container\">\n\t\t\t\t<div class=\"elementor-element elementor-element-dd55bbe elementor-widget elementor-widget-text-editor\" data-id=\"dd55bbe\" data-element_type=\"widget\" data-widget_type=\"text-editor.default\">\n\t\t\t\t\t\t\t\t\t<h1 class=\"section-title-strong mb-2 fnp-title mt-2\">Prop\u00a0<\/h1>\t\t\t\t\t\t\t\t<\/div>\n\t\t\t\t<div class=\"elementor-element elementor-element-1b68835 elementor-widget elementor-widget-text-editor\" data-id=\"1b68835\" data-element_type=\"widget\" data-widget_type=\"text-editor.default\">\n\t\t\t\t\t\t\t\t\t<p class=\"font-claude-response-body break-words whitespace-normal leading-[1.7]\">The Prop is a high-strength adjustable support element in Alupan panel formwork systems that provides vertical support and fixes the formwork at the correct angle.<\/p><p class=\"font-claude-response-body break-words whitespace-normal leading-[1.7]\">The Alupan Prop is a push-pull prop support system that securely fixes wall and shear wall formwork, offering adjustable length options, durability, and long service life.<\/p>\t\t\t\t\t\t\t\t<\/div>\n\t\t\t\t<\/div>\n\t\t\t\t\t<\/div>\n\t\t\t\t<\/div>\n\t\t<div class=\"elementor-element elementor-element-9a39e5b e-flex e-con-boxed e-con e-parent\" data-id=\"9a39e5b\" data-element_type=\"container\">\n\t\t\t\t\t<div class=\"e-con-inner\">\n\t\t\t\t<div class=\"elementor-element elementor-element-c6ce6bf elementor-widget elementor-widget-text-editor\" data-id=\"c6ce6bf\" data-element_type=\"widget\" data-widget_type=\"text-editor.default\">\n\t\t\t\t\t\t\t\t\t<p>The Prop is an adjustable support element in Alupan panel formwork systems that ensures vertical formwork is fixed at the correct angle and in a secure manner. It keeps the formwork rigid against lateral pressures that occur during concrete pouring and prevents the formwork surface from opening or shifting. Thanks to its various length options, it can be used in wall and shear wall formwork of different heights. Its robust steel body provides high load-bearing capacity, and its adjustment mechanism allows both fast and precise angle setting during installation. Additionally, when used together with the panel formwork prop head and prop base plates, the balance of the system is further increased. Its suitability for multiple casting cycles makes the prop both an economical and safe solution.<\/p>\t\t\t\t\t\t\t\t<\/div>\n\t\t\t\t\t<\/div>\n\t\t\t\t<\/div>\n\t\t<div class=\"elementor-element elementor-element-c8c4ac6 e-flex e-con-boxed e-con e-parent\" data-id=\"c8c4ac6\" data-element_type=\"container\">\n\t\t\t\t\t<div class=\"e-con-inner\">\n\t\t\t\t<div class=\"elementor-element elementor-element-3d1932f elementor-widget elementor-widget-image\" data-id=\"3d1932f\" data-element_type=\"widget\" data-widget_type=\"image.default\">\n\t\t\t\t\t\t\t\t\t\t\t\t\t\t\t<img fetchpriority=\"high\" decoding=\"async\" width=\"800\" height=\"163\" src=\"https:\/\/www.lesalimited.com.tr\/wp-content\/uploads\/2026\/02\/Ekran-Alintisi3-1-1024x209.png\" class=\"attachment-large size-large wp-image-1943\" alt=\"\" srcset=\"https:\/\/www.lesalimited.com.tr\/wp-content\/uploads\/2026\/02\/Ekran-Alintisi3-1-1024x209.png 1024w, https:\/\/www.lesalimited.com.tr\/wp-content\/uploads\/2026\/02\/Ekran-Alintisi3-1-300x61.png 300w, https:\/\/www.lesalimited.com.tr\/wp-content\/uploads\/2026\/02\/Ekran-Alintisi3-1-768x157.png 768w, https:\/\/www.lesalimited.com.tr\/wp-content\/uploads\/2026\/02\/Ekran-Alintisi3-1-600x123.png 600w, https:\/\/www.lesalimited.com.tr\/wp-content\/uploads\/2026\/02\/Ekran-Alintisi3-1.png 1238w\" sizes=\"(max-width: 800px) 100vw, 800px\" \/>\t\t\t\t\t\t\t\t\t\t\t\t\t\t\t<\/div>\n\t\t\t\t\t<\/div>\n\t\t\t\t<\/div>\n\t\t\t\t<\/div>\n\t\t","protected":false},"excerpt":{"rendered":"<p>Prop\u00a0 The Prop is a high-strength adjustable support element in Alupan panel formwork systems that provides vertical support and fixes the &#8230;<\/p>\n","protected":false},"author":1,"featured_media":0,"parent":0,"menu_order":0,"comment_status":"closed","ping_status":"closed","template":"","meta":{"footnotes":""},"class_list":["post-1938","page","type-page","status-publish","hentry"],"_links":{"self":[{"href":"https:\/\/www.lesalimited.com.tr\/index.php?rest_route=\/wp\/v2\/pages\/1938","targetHints":{"allow":["GET"]}}],"collection":[{"href":"https:\/\/www.lesalimited.com.tr\/index.php?rest_route=\/wp\/v2\/pages"}],"about":[{"href":"https:\/\/www.lesalimited.com.tr\/index.php?rest_route=\/wp\/v2\/types\/page"}],"author":[{"embeddable":true,"href":"https:\/\/www.lesalimited.com.tr\/index.php?rest_route=\/wp\/v2\/users\/1"}],"replies":[{"embeddable":true,"href":"https:\/\/www.lesalimited.com.tr\/index.php?rest_route=%2Fwp%2Fv2%2Fcomments&post=1938"}],"version-history":[{"count":7,"href":"https:\/\/www.lesalimited.com.tr\/index.php?rest_route=\/wp\/v2\/pages\/1938\/revisions"}],"predecessor-version":[{"id":2128,"href":"https:\/\/www.lesalimited.com.tr\/index.php?rest_route=\/wp\/v2\/pages\/1938\/revisions\/2128"}],"wp:attachment":[{"href":"https:\/\/www.lesalimited.com.tr\/index.php?rest_route=%2Fwp%2Fv2%2Fmedia&parent=1938"}],"curies":[{"name":"wp","href":"https:\/\/api.w.org\/{rel}","templated":true}]}}