{"id":1994,"date":"2026-02-18T17:18:57","date_gmt":"2026-02-18T14:18:57","guid":{"rendered":"https:\/\/www.lesalimited.com.tr\/?page_id=1994"},"modified":"2026-03-05T23:57:48","modified_gmt":"2026-03-05T20:57:48","slug":"calisma-konsolu-bracket","status":"publish","type":"page","link":"https:\/\/www.lesalimited.com.tr\/?page_id=1994","title":{"rendered":"\u00c7al\u0131\u015fma Konsolu (Bracket)"},"content":{"rendered":"\t\t<div data-elementor-type=\"wp-page\" data-elementor-id=\"1994\" class=\"elementor elementor-1994\">\n\t\t\t\t<div class=\"elementor-element elementor-element-dd7fe82 e-flex e-con-boxed e-con e-parent\" data-id=\"dd7fe82\" data-element_type=\"container\">\n\t\t\t\t\t<div class=\"e-con-inner\">\n\t\t<div class=\"elementor-element elementor-element-99aa88d e-con-full e-flex e-con e-child\" data-id=\"99aa88d\" data-element_type=\"container\">\n\t\t\t\t<div class=\"elementor-element elementor-element-6c5d567 elementor-arrows-position-inside elementor-pagination-position-outside elementor-widget elementor-widget-image-carousel\" data-id=\"6c5d567\" data-element_type=\"widget\" data-settings=\"{&quot;slides_to_show&quot;:&quot;1&quot;,&quot;navigation&quot;:&quot;both&quot;,&quot;autoplay&quot;:&quot;yes&quot;,&quot;pause_on_hover&quot;:&quot;yes&quot;,&quot;pause_on_interaction&quot;:&quot;yes&quot;,&quot;autoplay_speed&quot;:5000,&quot;infinite&quot;:&quot;yes&quot;,&quot;effect&quot;:&quot;slide&quot;,&quot;speed&quot;:500}\" data-widget_type=\"image-carousel.default\">\n\t\t\t\t\t\t\t<div class=\"elementor-image-carousel-wrapper swiper\" role=\"region\" aria-roledescription=\"carousel\" aria-label=\"Resim D\u00f6ng\u00fcs\u00fc\" dir=\"ltr\">\n\t\t\t<div class=\"elementor-image-carousel swiper-wrapper\" aria-live=\"off\">\n\t\t\t\t\t\t\t\t<div class=\"swiper-slide\" role=\"group\" aria-roledescription=\"slide\" aria-label=\"1 \/ 1\"><figure class=\"swiper-slide-inner\"><img decoding=\"async\" class=\"swiper-slide-image\" src=\"https:\/\/www.lesalimited.com.tr\/wp-content\/uploads\/2026\/02\/ALUPAN-cALIsMA-KONSOLU-1.jpg\" alt=\"ALUPAN-cALIsMA-KONSOLU (1)\" \/><\/figure><\/div>\t\t\t<\/div>\n\t\t\t\t\t<\/div>\n\t\t\t\t\t\t<\/div>\n\t\t\t\t<\/div>\n\t\t<div class=\"elementor-element elementor-element-70403ed e-con-full e-flex e-con e-child\" data-id=\"70403ed\" data-element_type=\"container\">\n\t\t\t\t<div class=\"elementor-element elementor-element-dd55bbe elementor-widget elementor-widget-text-editor\" data-id=\"dd55bbe\" data-element_type=\"widget\" data-widget_type=\"text-editor.default\">\n\t\t\t\t\t\t\t\t\t<h1 class=\"section-title-strong mb-2 fnp-title mt-2\"><strong>\u00a0 \u00a0 \u00a0Working Bracket <\/strong><\/h1>\t\t\t\t\t\t\t\t<\/div>\n\t\t\t\t<div class=\"elementor-element elementor-element-1b68835 elementor-widget elementor-widget-text-editor\" data-id=\"1b68835\" data-element_type=\"widget\" data-widget_type=\"text-editor.default\">\n\t\t\t\t\t\t\t\t\t<section id=\"home\" class=\"page-section pb-0\"><div class=\"container fnp-container\"><div class=\"row align-items-start\"><div class=\"col-lg-6\"><div class=\"product_description mb-2\"><div><div class=\"standard-markdown grid-cols-1 grid [&amp;_&gt;_*]:min-w-0 gap-3\"><p class=\"font-claude-response-body break-words whitespace-normal leading-[1.7]\">The Working Bracket is a durable console platform used in Alupan panel systems to create a safe and spacious working area at elevated levels.<\/p><\/div><\/div><div><div class=\"standard-markdown grid-cols-1 grid [&amp;_&gt;_*]:min-w-0 gap-3\"><p class=\"font-claude-response-body break-words whitespace-normal leading-[1.7]\">The Alupan Working Bracket is a durable, easy-to-install, and long-lasting console platform system that provides a safe working area in high-rise slab and shear wall formwork.<\/p><\/div><\/div><\/div><\/div><\/div><\/div><\/section>\t\t\t\t\t\t\t\t<\/div>\n\t\t\t\t<\/div>\n\t\t\t\t\t<\/div>\n\t\t\t\t<\/div>\n\t\t<div class=\"elementor-element elementor-element-9a39e5b e-flex e-con-boxed e-con e-parent\" data-id=\"9a39e5b\" data-element_type=\"container\">\n\t\t\t\t\t<div class=\"e-con-inner\">\n\t\t\t\t<div class=\"elementor-element elementor-element-c6ce6bf elementor-widget elementor-widget-text-editor\" data-id=\"c6ce6bf\" data-element_type=\"widget\" data-widget_type=\"text-editor.default\">\n\t\t\t\t\t\t\t\t\t<div><div class=\"standard-markdown grid-cols-1 grid [&amp;_&gt;_*]:min-w-0 gap-3\"><p class=\"font-claude-response-body break-words whitespace-normal leading-[1.7]\">The Working Bracket is a durable and functional element used in Alupan panel formwork systems to create a safe working platform at elevated levels. It is quickly mounted to special connection points on the panel, allowing workers to move comfortably during concrete pouring, panel alignment, and installation operations. Its high load-bearing steel body provides a stable working surface even under vibration and dynamic loads. Thanks to its non-slip surface applications and handrail compatibility, it offers maximum work safety. Its reusable structure, easy installation, and long service life make it an important auxiliary equipment that increases both safety and efficiency in site operations.<\/p><\/div><\/div><div><div class=\"standard-markdown grid-cols-1 grid [&amp;_&gt;_*]:min-w-0 gap-3\"><p class=\"font-claude-response-body break-words whitespace-normal leading-[1.7]\"><strong>Working Bracket \u2013 Technical Specifications<\/strong><\/p><\/div><\/div>\t\t\t\t\t\t\t\t<\/div>\n\t\t\t\t\t<\/div>\n\t\t\t\t<\/div>\n\t\t<div class=\"elementor-element elementor-element-c8c4ac6 e-flex e-con-boxed e-con e-parent\" data-id=\"c8c4ac6\" data-element_type=\"container\">\n\t\t\t\t\t<div class=\"e-con-inner\">\n\t\t\t\t<div class=\"elementor-element elementor-element-3d1932f elementor-widget elementor-widget-image\" data-id=\"3d1932f\" data-element_type=\"widget\" data-widget_type=\"image.default\">\n\t\t\t\t\t\t\t\t\t\t\t\t\t\t\t<img decoding=\"async\" width=\"800\" height=\"46\" src=\"https:\/\/www.lesalimited.com.tr\/wp-content\/uploads\/2026\/02\/Ekran-Alintisi-5-1024x59.png\" class=\"attachment-large size-large wp-image-1996\" alt=\"\" srcset=\"https:\/\/www.lesalimited.com.tr\/wp-content\/uploads\/2026\/02\/Ekran-Alintisi-5-1024x59.png 1024w, https:\/\/www.lesalimited.com.tr\/wp-content\/uploads\/2026\/02\/Ekran-Alintisi-5-300x17.png 300w, https:\/\/www.lesalimited.com.tr\/wp-content\/uploads\/2026\/02\/Ekran-Alintisi-5-768x45.png 768w, https:\/\/www.lesalimited.com.tr\/wp-content\/uploads\/2026\/02\/Ekran-Alintisi-5-600x35.png 600w, https:\/\/www.lesalimited.com.tr\/wp-content\/uploads\/2026\/02\/Ekran-Alintisi-5.png 1240w\" sizes=\"(max-width: 800px) 100vw, 800px\" \/>\t\t\t\t\t\t\t\t\t\t\t\t\t\t\t<\/div>\n\t\t\t\t\t<\/div>\n\t\t\t\t<\/div>\n\t\t\t\t<\/div>\n\t\t","protected":false},"excerpt":{"rendered":"<p>\u00a0 \u00a0 \u00a0Working Bracket The Working Bracket is a durable console platform used in Alupan panel systems to create a safe &#8230;<\/p>\n","protected":false},"author":1,"featured_media":0,"parent":0,"menu_order":0,"comment_status":"closed","ping_status":"closed","template":"","meta":{"footnotes":""},"class_list":["post-1994","page","type-page","status-publish","hentry"],"_links":{"self":[{"href":"https:\/\/www.lesalimited.com.tr\/index.php?rest_route=\/wp\/v2\/pages\/1994","targetHints":{"allow":["GET"]}}],"collection":[{"href":"https:\/\/www.lesalimited.com.tr\/index.php?rest_route=\/wp\/v2\/pages"}],"about":[{"href":"https:\/\/www.lesalimited.com.tr\/index.php?rest_route=\/wp\/v2\/types\/page"}],"author":[{"embeddable":true,"href":"https:\/\/www.lesalimited.com.tr\/index.php?rest_route=\/wp\/v2\/users\/1"}],"replies":[{"embeddable":true,"href":"https:\/\/www.lesalimited.com.tr\/index.php?rest_route=%2Fwp%2Fv2%2Fcomments&post=1994"}],"version-history":[{"count":10,"href":"https:\/\/www.lesalimited.com.tr\/index.php?rest_route=\/wp\/v2\/pages\/1994\/revisions"}],"predecessor-version":[{"id":2143,"href":"https:\/\/www.lesalimited.com.tr\/index.php?rest_route=\/wp\/v2\/pages\/1994\/revisions\/2143"}],"wp:attachment":[{"href":"https:\/\/www.lesalimited.com.tr\/index.php?rest_route=%2Fwp%2Fv2%2Fmedia&parent=1994"}],"curies":[{"name":"wp","href":"https:\/\/api.w.org\/{rel}","templated":true}]}}