{"id":2004,"date":"2026-02-18T17:25:33","date_gmt":"2026-02-18T14:25:33","guid":{"rendered":"https:\/\/www.lesalimited.com.tr\/?page_id=2004"},"modified":"2026-03-05T23:58:09","modified_gmt":"2026-03-05T20:58:09","slug":"calisma-konsolu-bracket-2","status":"publish","type":"page","link":"https:\/\/www.lesalimited.com.tr\/?page_id=2004","title":{"rendered":"Tekli Payanda Kal\u0131b\u0131"},"content":{"rendered":"\t\t<div data-elementor-type=\"wp-page\" data-elementor-id=\"2004\" class=\"elementor elementor-2004\">\n\t\t\t\t<div class=\"elementor-element elementor-element-dd7fe82 e-flex e-con-boxed e-con e-parent\" data-id=\"dd7fe82\" data-element_type=\"container\">\n\t\t\t\t\t<div class=\"e-con-inner\">\n\t\t<div class=\"elementor-element elementor-element-99aa88d e-con-full e-flex e-con e-child\" data-id=\"99aa88d\" data-element_type=\"container\">\n\t\t\t\t<div class=\"elementor-element elementor-element-6c5d567 elementor-arrows-position-inside elementor-pagination-position-outside elementor-widget elementor-widget-image-carousel\" data-id=\"6c5d567\" data-element_type=\"widget\" data-settings=\"{&quot;slides_to_show&quot;:&quot;1&quot;,&quot;navigation&quot;:&quot;both&quot;,&quot;autoplay&quot;:&quot;yes&quot;,&quot;pause_on_hover&quot;:&quot;yes&quot;,&quot;pause_on_interaction&quot;:&quot;yes&quot;,&quot;autoplay_speed&quot;:5000,&quot;infinite&quot;:&quot;yes&quot;,&quot;effect&quot;:&quot;slide&quot;,&quot;speed&quot;:500}\" data-widget_type=\"image-carousel.default\">\n\t\t\t\t\t\t\t<div class=\"elementor-image-carousel-wrapper swiper\" role=\"region\" aria-roledescription=\"carousel\" aria-label=\"Resim D\u00f6ng\u00fcs\u00fc\" dir=\"ltr\">\n\t\t\t<div class=\"elementor-image-carousel swiper-wrapper\" aria-live=\"off\">\n\t\t\t\t\t\t\t\t<div class=\"swiper-slide\" role=\"group\" aria-roledescription=\"slide\" aria-label=\"1 \/ 1\"><figure class=\"swiper-slide-inner\"><img decoding=\"async\" class=\"swiper-slide-image\" src=\"https:\/\/www.lesalimited.com.tr\/wp-content\/uploads\/2026\/02\/tekli-payanda-kalibi-2.jpg\" alt=\"tekli-payanda-kalibi (2)\" \/><\/figure><\/div>\t\t\t<\/div>\n\t\t\t\t\t<\/div>\n\t\t\t\t\t\t<\/div>\n\t\t\t\t<\/div>\n\t\t<div class=\"elementor-element elementor-element-70403ed e-con-full e-flex e-con e-child\" data-id=\"70403ed\" data-element_type=\"container\">\n\t\t\t\t<div class=\"elementor-element elementor-element-dd55bbe elementor-widget elementor-widget-text-editor\" data-id=\"dd55bbe\" data-element_type=\"widget\" data-widget_type=\"text-editor.default\">\n\t\t\t\t\t\t\t\t\t<h1 class=\"section-title-strong mb-2 fnp-title mt-2\"><strong>\u00a0 \u00a0 Single Prop Base <\/strong><\/h1>\t\t\t\t\t\t\t\t<\/div>\n\t\t\t\t<div class=\"elementor-element elementor-element-1b68835 elementor-widget elementor-widget-text-editor\" data-id=\"1b68835\" data-element_type=\"widget\" data-widget_type=\"text-editor.default\">\n\t\t\t\t\t\t\t\t\t<section id=\"home\" class=\"page-section pb-0\"><div class=\"container fnp-container\"><div class=\"row align-items-start\"><div class=\"col-lg-6\"><div class=\"product_description mb-2\"><p class=\"font-claude-response-body break-words whitespace-normal leading-[1.7]\">The Single Prop Base is a single connection point base element that ensures panel formwork props are securely and evenly fixed to the ground.<\/p><p class=\"font-claude-response-body break-words whitespace-normal leading-[1.7]\">The Alupan Single Prop Base is a durable, long-lasting, and safe base plate solution that ensures props are firmly and rigidly fixed to the ground.<\/p><\/div><\/div><\/div><\/div><\/section>\t\t\t\t\t\t\t\t<\/div>\n\t\t\t\t<\/div>\n\t\t\t\t\t<\/div>\n\t\t\t\t<\/div>\n\t\t<div class=\"elementor-element elementor-element-9a39e5b e-flex e-con-boxed e-con e-parent\" data-id=\"9a39e5b\" data-element_type=\"container\">\n\t\t\t\t\t<div class=\"e-con-inner\">\n\t\t\t\t<div class=\"elementor-element elementor-element-c6ce6bf elementor-widget elementor-widget-text-editor\" data-id=\"c6ce6bf\" data-element_type=\"widget\" data-widget_type=\"text-editor.default\">\n\t\t\t\t\t\t\t\t\t<div data-test-render-count=\"1\"><div class=\"group\"><div class=\"contents\"><div class=\"group relative relative pb-3\" data-is-streaming=\"false\"><div class=\"font-claude-response relative leading-[1.65rem] [&amp;_pre&gt;div]:bg-bg-000\/50 [&amp;_pre&gt;div]:border-0.5 [&amp;_pre&gt;div]:border-border-400 [&amp;_.ignore-pre-bg&gt;div]:bg-transparent [&amp;_.standard-markdown_:is(p,blockquote,h1,h2,h3,h4,h5,h6)]:pl-2 [&amp;_.standard-markdown_:is(p,blockquote,ul,ol,h1,h2,h3,h4,h5,h6)]:pr-8 [&amp;_.progressive-markdown_:is(p,blockquote,h1,h2,h3,h4,h5,h6)]:pl-2 [&amp;_.progressive-markdown_:is(p,blockquote,ul,ol,h1,h2,h3,h4,h5,h6)]:pr-8\"><div><div class=\"grid grid-rows-[auto_auto] min-w-0\"><div class=\"row-start-2 col-start-1 relative grid isolate min-w-0\"><div class=\"row-start-1 col-start-1 relative z-[2] min-w-0\"><div><div class=\"standard-markdown grid-cols-1 grid [&amp;_&gt;_*]:min-w-0 gap-3 standard-markdown\"><p class=\"font-claude-response-body break-words whitespace-normal leading-[1.7]\">The Single Prop Base is a fundamental connection element in Alupan panel formwork systems that ensures props are seated correctly, safely, and in a balanced manner on the ground. Thanks to its single design, it is used with one prop at a time and offers an easy installation advantage especially in narrow or limited spaces. Its robust steel body provides high load transfer, helps the prop remain stable, and keeps the panel fixed at the correct angle during concrete pouring. Its corrosion-resistant surface offers an advantage for long-term use on site. It works in full compatibility with the Panel Formwork Prop Head and the lower end of the prop. Installation is fast, removal is practical, and it provides safe stabilization in both small and large-scale formwork applications.<\/p><p class=\"font-claude-response-body break-words whitespace-normal leading-[1.7]\"><strong>Single Prop Base \u2013 Technical Specifications<\/strong><\/p><\/div><\/div><\/div><\/div><\/div><\/div><\/div><\/div><\/div><div class=\"flex justify-start\" role=\"group\" aria-label=\"Message actions\"><div class=\"text-text-300\"><div class=\"text-text-300 flex items-stretch justify-between\"><div class=\"w-fit\" data-state=\"closed\"><div class=\"relative text-text-500 group-hover\/btn:text-text-100\"><div class=\"transition-all opacity-100 scale-100\">\u00a0<\/div><div class=\"absolute top-0 left-0 transition-all opacity-0 scale-50\">\u00a0<\/div><\/div><\/div><div class=\"w-fit\" data-state=\"closed\"><div class=\"text-text-500 group-hover\/btn:text-text-100\">\u00a0<\/div><\/div><div class=\"w-fit\" data-state=\"closed\"><div class=\"text-text-500 group-hover\/btn:text-text-100\">\u00a0<\/div><\/div><div class=\"flex items-center\"><div class=\"w-fit\" data-state=\"closed\"><div class=\"text-text-500 group-hover\/btn:text-text-100\">\u00a0<\/div><\/div><\/div><\/div><\/div><\/div><\/div><\/div><div class=\"h-px w-full pointer-events-none\" aria-hidden=\"true\">\u00a0<\/div>\t\t\t\t\t\t\t\t<\/div>\n\t\t\t\t\t<\/div>\n\t\t\t\t<\/div>\n\t\t<div class=\"elementor-element elementor-element-c8c4ac6 e-flex e-con-boxed e-con e-parent\" data-id=\"c8c4ac6\" data-element_type=\"container\">\n\t\t\t\t\t<div class=\"e-con-inner\">\n\t\t\t\t<div class=\"elementor-element elementor-element-3d1932f elementor-widget elementor-widget-image\" data-id=\"3d1932f\" data-element_type=\"widget\" data-widget_type=\"image.default\">\n\t\t\t\t\t\t\t\t\t\t\t\t\t\t\t<img decoding=\"async\" width=\"800\" height=\"47\" src=\"https:\/\/www.lesalimited.com.tr\/wp-content\/uploads\/2026\/02\/Ekran-Alintisi3-2-1024x60.png\" class=\"attachment-large size-large wp-image-2010\" alt=\"\" srcset=\"https:\/\/www.lesalimited.com.tr\/wp-content\/uploads\/2026\/02\/Ekran-Alintisi3-2-1024x60.png 1024w, https:\/\/www.lesalimited.com.tr\/wp-content\/uploads\/2026\/02\/Ekran-Alintisi3-2-300x17.png 300w, https:\/\/www.lesalimited.com.tr\/wp-content\/uploads\/2026\/02\/Ekran-Alintisi3-2-768x45.png 768w, https:\/\/www.lesalimited.com.tr\/wp-content\/uploads\/2026\/02\/Ekran-Alintisi3-2-600x35.png 600w, https:\/\/www.lesalimited.com.tr\/wp-content\/uploads\/2026\/02\/Ekran-Alintisi3-2.png 1237w\" sizes=\"(max-width: 800px) 100vw, 800px\" \/>\t\t\t\t\t\t\t\t\t\t\t\t\t\t\t<\/div>\n\t\t\t\t\t<\/div>\n\t\t\t\t<\/div>\n\t\t\t\t<\/div>\n\t\t","protected":false},"excerpt":{"rendered":"<p>\u00a0 \u00a0 Single Prop Base The Single Prop Base is a single connection point base element that ensures panel formwork props &#8230;<\/p>\n","protected":false},"author":1,"featured_media":0,"parent":0,"menu_order":0,"comment_status":"closed","ping_status":"closed","template":"","meta":{"footnotes":""},"class_list":["post-2004","page","type-page","status-publish","hentry"],"_links":{"self":[{"href":"https:\/\/www.lesalimited.com.tr\/index.php?rest_route=\/wp\/v2\/pages\/2004","targetHints":{"allow":["GET"]}}],"collection":[{"href":"https:\/\/www.lesalimited.com.tr\/index.php?rest_route=\/wp\/v2\/pages"}],"about":[{"href":"https:\/\/www.lesalimited.com.tr\/index.php?rest_route=\/wp\/v2\/types\/page"}],"author":[{"embeddable":true,"href":"https:\/\/www.lesalimited.com.tr\/index.php?rest_route=\/wp\/v2\/users\/1"}],"replies":[{"embeddable":true,"href":"https:\/\/www.lesalimited.com.tr\/index.php?rest_route=%2Fwp%2Fv2%2Fcomments&post=2004"}],"version-history":[{"count":8,"href":"https:\/\/www.lesalimited.com.tr\/index.php?rest_route=\/wp\/v2\/pages\/2004\/revisions"}],"predecessor-version":[{"id":2146,"href":"https:\/\/www.lesalimited.com.tr\/index.php?rest_route=\/wp\/v2\/pages\/2004\/revisions\/2146"}],"wp:attachment":[{"href":"https:\/\/www.lesalimited.com.tr\/index.php?rest_route=%2Fwp%2Fv2%2Fmedia&parent=2004"}],"curies":[{"name":"wp","href":"https:\/\/api.w.org\/{rel}","templated":true}]}}